{"id":953,"date":"2021-07-06T13:30:35","date_gmt":"2021-07-06T13:30:35","guid":{"rendered":"https:\/\/stirlingsach.wpengine.com\/privacy-policy\/"},"modified":"2021-11-09T16:31:38","modified_gmt":"2021-11-09T16:31:38","slug":"privacy-policy","status":"publish","type":"page","link":"https:\/\/stirlingsa.ch\/fr\/privacy-policy\/","title":{"rendered":"Privacy Policy"},"content":{"rendered":"<p class=\"p1\"><b>R\u00c8GLES DE CONFIDENTIALIT\u00c9<\/b><\/p>\n<p class=\"p2\"><b>1. INTRODUCTION<\/b><\/p>\n<p class=\"p2\">Lorsque vous utilisez nos services, vous nous faites confiance pour le traitement de vos donn\u00e9es. Les pr\u00e9sentes r\u00e8gles de confidentialit\u00e9 visent \u00e0 vous indiquer quelles informations nous collectons, pour quelle raison, et comment nous les utilisons. Ces r\u00e8gles sont importantes et nous esp\u00e9rons que vous prendrez le temps de les lire attentivement.<\/p>\n<p class=\"p2\"><b>2. COMMENT NOUS UTILISONS LES DONN\u00c9ES QUE NOUS COLLECTONS<\/b><\/p>\n<p class=\"p2\">Les informations que nous collectons servent \u00e0 am\u00e9liorer les services propos\u00e9s \u00e0 tous nos utilisateurs. Il peut s\u2019agir d\u2019informations de base, telles que la langue que vous utilisez, ou plus complexes, comme les\u00a0services et les produits que vous trouvez les plus utiles\u00a0et qui sont susceptibles de vous plaire.<\/p>\n<p class=\"p2\">Les donn\u00e9es que nous collectons nous permettent de\u00a0fournir,\u00a0g\u00e9rer,\u00a0prot\u00e9ger\u00a0et am\u00e9liorer nos services et produits, d\u2019en\u00a0d\u00e9velopper de nouveaux, et de\u00a0prot\u00e9ger aussi bien nos utilisateurs que nous-m\u00eames. Ces donn\u00e9es nous permettent \u00e9galement de vous proposer des contenus adapt\u00e9s, tels que des annonces et des r\u00e9sultats de recherche plus pertinents.<\/p>\n<p class=\"p2\"><b>3. INFORMATIONS QUE NOUS COLLECTONS VIA NOS SERVICES<\/b><\/p>\n<p class=\"p2\">Nous collectons des informations relatives aux services du Site que vous renseignez afin de nous contacter. Ces donn\u00e9es nous permettent de proposer des dossiers, telles que les biens en vente et\/ou en location, des produits, des services li\u00e9s et ainsi de pouvoir vous contacter afin de vous offrir un conseil personnalis\u00e9.<\/p>\n<p class=\"p2\">Les informations que nous collectons incluent vos coordonn\u00e9es, nom et pr\u00e9nom, adresse, localit\u00e9, adresse e-mail et num\u00e9ro de t\u00e9l\u00e9phone. Nous recueillons aussi des informations relatives aux interactions effectu\u00e9es, les rapports de visite, les t\u00e9l\u00e9chargements, l\u2019activit\u00e9 en g\u00e9n\u00e9rale (contact par courriel et\/ou par t\u00e9l\u00e9phone), la pr\u00e9commande, la commande, ainsi que la date, l\u2019heure et le site de provenance de votre demande de dossier et le type de transaction effectu\u00e9e lors de la commande en ligne.<\/p>\n<p class=\"p2\"><b>4. TRANSPARENCE ET LIBERT\u00c9 DE CHOIX<\/b><\/p>\n<p class=\"p2\">Les pr\u00e9occupations en mati\u00e8re de confidentialit\u00e9 diff\u00e8rent d\u2019une personne \u00e0 l\u2019autre. Nous souhaitons faire preuve de transparence sur la fa\u00e7on dont nous collectons et utilisons les donn\u00e9es qui vous concernent, afin que vous disposiez de tous les \u00e9l\u00e9ments pour faire des choix inform\u00e9s. Vous pouvez par exemple si vous ne souhaitez plus recevoir de message de notre part, effectuer les actions ci-dessous\u00a0:<\/p>\n<p class=\"p2\">Modifier vos pr\u00e9f\u00e9rences et crit\u00e8res\u00a0associ\u00e9es \u00e0 votre compte client (acheteur).<br \/>\nSupprimer toutes vos donn\u00e9es\u00a0associ\u00e9es \u00e0 votre compte client (acheteur) de notre fichier.<br \/>\nPour cela, il vous suffit juste de nous adresser un mail \u00e0\u00a0: <a href=\"mailto:contact@stirlingsa.ch\">contact@stirlingsa.ch<\/a><\/p>\n<p class=\"p2\">ou directement depuis la page contact <a href=\"https:\/\/stirlingsa.ch\/fr\/#section-contact\">cliquez\u00a0ici<\/a>\u00a0ou remplire le formulaire de contact et nous communiquer votre souhait.<\/p>\n<p class=\"p2\"><b>5. DONN\u00c9ES QUE NOUS PARTAGEONS<\/b><\/p>\n<p class=\"p2\">Nous ne communiquons vos donn\u00e9es personnelles \u00e0 des entreprises, des organisations ou des personnes tierces que dans les circonstances suivantes\u00a0:<\/p>\n<p class=\"p2\">Avec votre consentement<br \/>\nNous ne communiquons des donn\u00e9es personnelles vous concernant \u00e0 des entreprises, des organisations ou des personnes tierces qu\u2019avec votre consentement. Nous demandons toujours votre autorisation avant de communiquer \u00e0 des tiers des\u00a0donn\u00e9es personnelles.<\/p>\n<p class=\"p2\">Pour des besoins de traitement externe<br \/>\nNous transmettons des donn\u00e9es personnelles \u00e0 nos\u00a0partenaires\u00a0ou autres soci\u00e9t\u00e9s ou personnes de confiance qui les traitent pour notre compte, selon nos instructions, conform\u00e9ment aux pr\u00e9sentes R\u00e8gles de confidentialit\u00e9 et dans le respect de toute autre mesure appropri\u00e9e de s\u00e9curit\u00e9 et de confidentialit\u00e9.<\/p>\n<p class=\"p2\">Pour des raisons juridiques<br \/>\nNous ne partagerons des donn\u00e9es personnelles avec des entreprises, des organisations ou des personnes tierces que si nous pensons en toute bonne foi que l\u2019acc\u00e8s, l\u2019utilisation, la protection ou la divulgation de ces donn\u00e9es est raisonnablement justifi\u00e9e pour\u00a0satisfaire \u00e0 des obligations l\u00e9gales, r\u00e9glementaires,\u00a0\u00e0 des proc\u00e9dures judiciaires ou \u00e0 des demandes gouvernementales ayant force ex\u00e9cutoire ; faire appliquer les conditions d\u2019utilisation en vigueur, y compris pour constater d\u2019\u00e9ventuels manquements \u00e0 celles-ci\u00a0; d\u00e9celer, \u00e9viter ou traiter des activit\u00e9s frauduleuses, les atteintes \u00e0 la s\u00e9curit\u00e9 ou tout probl\u00e8me d\u2019ordre technique ; se pr\u00e9munir contre toute atteinte aux droits, aux biens ou \u00e0 notre s\u00e9curit\u00e9, de ses utilisateurs ou du public, en application et dans le respect de la loi.<\/p>\n<p class=\"p2\"><b>6. DROIT APPLICABLE ET FOR<\/b><\/p>\n<p class=\"p2\">Les pr\u00e9sentes r\u00e8gles de confidentialit\u00e9 respectent le nouveau R\u00e8glement europ\u00e9en sur la protection des donn\u00e9es (RGPD) mais restent soumises au droit suisse.<\/p>\n<p class=\"p2\">Le for exclusif est \u00e0 Gen\u00e8ve, Suisse. Les dispositions relatives au for de l\u2019utilisateur demeurent r\u00e9serv\u00e9es.<\/p>\n","protected":false},"excerpt":{"rendered":"<p>R\u00c8GLES DE CONFIDENTIALIT\u00c9 1. INTRODUCTION Lorsque vous utilisez nos services, vous nous faites confiance pour le traitement de vos donn\u00e9es. Les pr\u00e9sentes r\u00e8gles de confidentialit\u00e9 visent \u00e0 vous indiquer quelles informations nous collectons, pour quelle raison, et comment nous les utilisons. Ces r\u00e8gles sont importantes et nous esp\u00e9rons que vous prendrez le temps de les [&hellip;]<\/p>\n","protected":false},"author":25,"featured_media":0,"parent":0,"menu_order":0,"comment_status":"closed","ping_status":"closed","template":"","meta":{"inline_featured_image":false},"acf":[],"yoast_head":"<!-- This site is optimized with the Yoast SEO plugin v18.6 - https:\/\/yoast.com\/wordpress\/plugins\/seo\/ -->\n<title>Privacy Policy - Stirling SA<\/title>\n<meta name=\"robots\" content=\"index, follow, max-snippet:-1, max-image-preview:large, max-video-preview:-1\" \/>\n<link rel=\"canonical\" href=\"https:\/\/stirlingsa.ch\/fr\/privacy-policy\/\" \/>\n<meta property=\"og:locale\" content=\"fr_FR\" \/>\n<meta property=\"og:type\" content=\"article\" \/>\n<meta property=\"og:title\" content=\"Privacy Policy - Stirling SA\" \/>\n<meta property=\"og:description\" content=\"R\u00c8GLES DE CONFIDENTIALIT\u00c9 1. INTRODUCTION Lorsque vous utilisez nos services, vous nous faites confiance pour le traitement de vos donn\u00e9es. Les pr\u00e9sentes r\u00e8gles de confidentialit\u00e9 visent \u00e0 vous indiquer quelles informations nous collectons, pour quelle raison, et comment nous les utilisons. Ces r\u00e8gles sont importantes et nous esp\u00e9rons que vous prendrez le temps de les [&hellip;]\" \/>\n<meta property=\"og:url\" content=\"https:\/\/stirlingsa.ch\/fr\/privacy-policy\/\" \/>\n<meta property=\"og:site_name\" content=\"Stirling SA\" \/>\n<meta property=\"article:modified_time\" content=\"2021-11-09T16:31:38+00:00\" \/>\n<meta name=\"twitter:card\" content=\"summary_large_image\" \/>\n<meta name=\"twitter:label1\" content=\"Dur\u00e9e de lecture estim\u00e9e\" \/>\n\t<meta name=\"twitter:data1\" content=\"4 minutes\" \/>\n<script type=\"application\/ld+json\" class=\"yoast-schema-graph\">{\"@context\":\"https:\/\/schema.org\",\"@graph\":[{\"@type\":\"WebSite\",\"@id\":\"https:\/\/stirlingsa.ch\/fr\/#website\",\"url\":\"https:\/\/stirlingsa.ch\/fr\/\",\"name\":\"Stirling SA\",\"description\":\"STORES INTELLIGENTS ET AUTOMATIS\u00c9S NOUVEAU EN SUISSE\",\"potentialAction\":[{\"@type\":\"SearchAction\",\"target\":{\"@type\":\"EntryPoint\",\"urlTemplate\":\"https:\/\/stirlingsa.ch\/fr\/?s={search_term_string}\"},\"query-input\":\"required name=search_term_string\"}],\"inLanguage\":\"fr-FR\"},{\"@type\":\"WebPage\",\"@id\":\"https:\/\/stirlingsa.ch\/fr\/privacy-policy\/#webpage\",\"url\":\"https:\/\/stirlingsa.ch\/fr\/privacy-policy\/\",\"name\":\"Privacy Policy - Stirling SA\",\"isPartOf\":{\"@id\":\"https:\/\/stirlingsa.ch\/fr\/#website\"},\"datePublished\":\"2021-07-06T13:30:35+00:00\",\"dateModified\":\"2021-11-09T16:31:38+00:00\",\"breadcrumb\":{\"@id\":\"https:\/\/stirlingsa.ch\/fr\/privacy-policy\/#breadcrumb\"},\"inLanguage\":\"fr-FR\",\"potentialAction\":[{\"@type\":\"ReadAction\",\"target\":[\"https:\/\/stirlingsa.ch\/fr\/privacy-policy\/\"]}]},{\"@type\":\"BreadcrumbList\",\"@id\":\"https:\/\/stirlingsa.ch\/fr\/privacy-policy\/#breadcrumb\",\"itemListElement\":[{\"@type\":\"ListItem\",\"position\":1,\"name\":\"Home\",\"item\":\"http:\/\/vm-str-01.ipa.dev.sigmaukraine.com\/fr\/\"},{\"@type\":\"ListItem\",\"position\":2,\"name\":\"Privacy Policy\"}]}]}<\/script>\n<!-- \/ Yoast SEO plugin. -->","yoast_head_json":{"title":"Privacy Policy - Stirling SA","robots":{"index":"index","follow":"follow","max-snippet":"max-snippet:-1","max-image-preview":"max-image-preview:large","max-video-preview":"max-video-preview:-1"},"canonical":"https:\/\/stirlingsa.ch\/fr\/privacy-policy\/","og_locale":"fr_FR","og_type":"article","og_title":"Privacy Policy - Stirling SA","og_description":"R\u00c8GLES DE CONFIDENTIALIT\u00c9 1. INTRODUCTION Lorsque vous utilisez nos services, vous nous faites confiance pour le traitement de vos donn\u00e9es. Les pr\u00e9sentes r\u00e8gles de confidentialit\u00e9 visent \u00e0 vous indiquer quelles informations nous collectons, pour quelle raison, et comment nous les utilisons. Ces r\u00e8gles sont importantes et nous esp\u00e9rons que vous prendrez le temps de les [&hellip;]","og_url":"https:\/\/stirlingsa.ch\/fr\/privacy-policy\/","og_site_name":"Stirling SA","article_modified_time":"2021-11-09T16:31:38+00:00","twitter_card":"summary_large_image","twitter_misc":{"Dur\u00e9e de lecture estim\u00e9e":"4 minutes"},"schema":{"@context":"https:\/\/schema.org","@graph":[{"@type":"WebSite","@id":"https:\/\/stirlingsa.ch\/fr\/#website","url":"https:\/\/stirlingsa.ch\/fr\/","name":"Stirling SA","description":"STORES INTELLIGENTS ET AUTOMATIS\u00c9S NOUVEAU EN SUISSE","potentialAction":[{"@type":"SearchAction","target":{"@type":"EntryPoint","urlTemplate":"https:\/\/stirlingsa.ch\/fr\/?s={search_term_string}"},"query-input":"required name=search_term_string"}],"inLanguage":"fr-FR"},{"@type":"WebPage","@id":"https:\/\/stirlingsa.ch\/fr\/privacy-policy\/#webpage","url":"https:\/\/stirlingsa.ch\/fr\/privacy-policy\/","name":"Privacy Policy - Stirling SA","isPartOf":{"@id":"https:\/\/stirlingsa.ch\/fr\/#website"},"datePublished":"2021-07-06T13:30:35+00:00","dateModified":"2021-11-09T16:31:38+00:00","breadcrumb":{"@id":"https:\/\/stirlingsa.ch\/fr\/privacy-policy\/#breadcrumb"},"inLanguage":"fr-FR","potentialAction":[{"@type":"ReadAction","target":["https:\/\/stirlingsa.ch\/fr\/privacy-policy\/"]}]},{"@type":"BreadcrumbList","@id":"https:\/\/stirlingsa.ch\/fr\/privacy-policy\/#breadcrumb","itemListElement":[{"@type":"ListItem","position":1,"name":"Home","item":"http:\/\/vm-str-01.ipa.dev.sigmaukraine.com\/fr\/"},{"@type":"ListItem","position":2,"name":"Privacy Policy"}]}]}},"_links":{"self":[{"href":"https:\/\/stirlingsa.ch\/fr\/wp-json\/wp\/v2\/pages\/953"}],"collection":[{"href":"https:\/\/stirlingsa.ch\/fr\/wp-json\/wp\/v2\/pages"}],"about":[{"href":"https:\/\/stirlingsa.ch\/fr\/wp-json\/wp\/v2\/types\/page"}],"author":[{"embeddable":true,"href":"https:\/\/stirlingsa.ch\/fr\/wp-json\/wp\/v2\/users\/25"}],"replies":[{"embeddable":true,"href":"https:\/\/stirlingsa.ch\/fr\/wp-json\/wp\/v2\/comments?post=953"}],"version-history":[{"count":0,"href":"https:\/\/stirlingsa.ch\/fr\/wp-json\/wp\/v2\/pages\/953\/revisions"}],"wp:attachment":[{"href":"https:\/\/stirlingsa.ch\/fr\/wp-json\/wp\/v2\/media?parent=953"}],"curies":[{"name":"wp","href":"https:\/\/api.w.org\/{rel}","templated":true}]}}